{"id":115,"date":"2025-05-21T20:36:01","date_gmt":"2025-05-21T20:36:01","guid":{"rendered":"https:\/\/fisinter.mx\/?page_id=115"},"modified":"2025-12-22T16:47:09","modified_gmt":"2025-12-22T16:47:09","slug":"inicio","status":"publish","type":"page","link":"https:\/\/fisinter.mx\/","title":{"rendered":"Inicio"},"content":{"rendered":"\t\t<div data-elementor-type=\"wp-page\" data-elementor-id=\"115\" class=\"elementor elementor-115\" data-elementor-post-type=\"page\">\n\t\t\t\t<div class=\"elementor-element elementor-element-2f5fc3d e-con-full elementor-hidden-mobile elementor-hidden-tablet e-flex e-con e-parent\" data-id=\"2f5fc3d\" data-element_type=\"container\" data-e-type=\"container\" data-settings=\"{&quot;background_background&quot;:&quot;classic&quot;}\">\n\t\t\t\t<\/div>\n\t\t<div class=\"elementor-element elementor-element-ed8220a elementor-hidden-mobile elementor-hidden-tablet e-flex e-con-boxed e-con e-parent\" data-id=\"ed8220a\" data-element_type=\"container\" data-e-type=\"container\">\n\t\t\t\t\t<div class=\"e-con-inner\">\n\t\t\t\t<div class=\"elementor-element elementor-element-794e9c0 elementor-widget elementor-widget-spacer\" data-id=\"794e9c0\" data-element_type=\"widget\" data-e-type=\"widget\" data-widget_type=\"spacer.default\">\n\t\t\t\t<div class=\"elementor-widget-container\">\n\t\t\t\t\t\t\t<div class=\"elementor-spacer\">\n\t\t\t<div class=\"elementor-spacer-inner\"><\/div>\n\t\t<\/div>\n\t\t\t\t\t\t<\/div>\n\t\t\t\t<\/div>\n\t\t\t\t<div class=\"elementor-element elementor-element-3ed789e elementor-widget elementor-widget-menu-anchor\" data-id=\"3ed789e\" data-element_type=\"widget\" data-e-type=\"widget\" data-widget_type=\"menu-anchor.default\">\n\t\t\t\t<div class=\"elementor-widget-container\">\n\t\t\t\t\t\t\t<div class=\"elementor-menu-anchor\" id=\"credito_empresarial\"><\/div>\n\t\t\t\t\t\t<\/div>\n\t\t\t\t<\/div>\n\t\t\t\t\t<\/div>\n\t\t\t\t<\/div>\n\t\t<div class=\"elementor-element elementor-element-75c4b9e elementor-hidden-tablet elementor-hidden-mobile e-flex e-con-boxed e-con e-parent\" data-id=\"75c4b9e\" data-element_type=\"container\" data-e-type=\"container\" data-settings=\"{&quot;background_background&quot;:&quot;classic&quot;}\">\n\t\t\t\t\t<div class=\"e-con-inner\">\n\t\t<div class=\"elementor-element elementor-element-4611e5f e-con-full e-flex e-con e-child\" data-id=\"4611e5f\" data-element_type=\"container\" data-e-type=\"container\" data-settings=\"{&quot;background_background&quot;:&quot;classic&quot;}\">\n\t\t\t\t<\/div>\n\t\t\t\t\t<\/div>\n\t\t\t\t<\/div>\n\t\t<div class=\"elementor-element elementor-element-61e53ad elementor-hidden-mobile elementor-hidden-tablet e-flex e-con-boxed e-con e-parent\" data-id=\"61e53ad\" data-element_type=\"container\" data-e-type=\"container\" data-settings=\"{&quot;background_background&quot;:&quot;classic&quot;}\">\n\t\t\t\t\t<div class=\"e-con-inner\">\n\t\t<div class=\"elementor-element elementor-element-4c1cf78 e-con-full e-flex e-con e-child\" data-id=\"4c1cf78\" data-element_type=\"container\" data-e-type=\"container\">\n\t\t\t\t<div class=\"elementor-element elementor-element-e50bded elementor-widget elementor-widget-text-editor\" data-id=\"e50bded\" data-element_type=\"widget\" data-e-type=\"widget\" data-widget_type=\"text-editor.default\">\n\t\t\t\t<div class=\"elementor-widget-container\">\n\t\t\t\t\t\t\t\t\t<p><label style=\"font-size: 18px;\">CR\u00c9DITO<\/label><br \/><strong>ACTIVIDAD EMPRESARIAL<\/strong><\/p>\t\t\t\t\t\t\t\t<\/div>\n\t\t\t\t<\/div>\n\t\t\t\t<div class=\"elementor-element elementor-element-0d87015 elementor-widget elementor-widget-text-editor\" data-id=\"0d87015\" data-element_type=\"widget\" data-e-type=\"widget\" data-widget_type=\"text-editor.default\">\n\t\t\t\t<div class=\"elementor-widget-container\">\n\t\t\t\t\t\t\t\t\t<p>*\u00a0 Plazo de <strong>6 a 12 meses<\/strong><br \/>*\u00a0 De <strong>$100,000<\/strong> hasta <strong>$50,000,000<\/strong><br \/>*\u00a0 Tasa <strong>24%\u00a0<\/strong><br \/>*\u00a0 Costo Anual Total <strong>(CAT) 24%<\/strong><br \/>*<strong>\u00a0 Personalizado<\/strong><\/p>\t\t\t\t\t\t\t\t<\/div>\n\t\t\t\t<\/div>\n\t\t\t\t<div class=\"elementor-element elementor-element-f96caed elementor-widget__width-initial elementor-widget elementor-widget-heading\" data-id=\"f96caed\" data-element_type=\"widget\" data-e-type=\"widget\" data-widget_type=\"heading.default\">\n\t\t\t\t<div class=\"elementor-widget-container\">\n\t\t\t\t\t<div class=\"elementor-heading-title elementor-size-default\">SIN COMISIONES<\/div>\t\t\t\t<\/div>\n\t\t\t\t<\/div>\n\t\t\t\t<\/div>\n\t\t<div class=\"elementor-element elementor-element-dc9f124 e-con-full e-flex e-con e-child\" data-id=\"dc9f124\" data-element_type=\"container\" data-e-type=\"container\">\n\t\t\t\t<div class=\"elementor-element elementor-element-91fba52 elementor-widget elementor-widget-image\" data-id=\"91fba52\" data-element_type=\"widget\" data-e-type=\"widget\" data-widget_type=\"image.default\">\n\t\t\t\t<div class=\"elementor-widget-container\">\n\t\t\t\t\t\t\t\t\t\t\t\t\t\t\t<img fetchpriority=\"high\" decoding=\"async\" width=\"500\" height=\"492\" src=\"https:\/\/fisinter.mx\/wp-content\/uploads\/2025\/12\/img_creditos.png\" class=\"attachment-large size-large wp-image-1839\" alt=\"\" srcset=\"https:\/\/fisinter.mx\/wp-content\/uploads\/2025\/12\/img_creditos.png 500w, https:\/\/fisinter.mx\/wp-content\/uploads\/2025\/12\/img_creditos-300x295.png 300w\" sizes=\"(max-width: 500px) 100vw, 500px\" \/>\t\t\t\t\t\t\t\t\t\t\t\t\t\t\t<\/div>\n\t\t\t\t<\/div>\n\t\t\t\t<\/div>\n\t\t\t\t\t<\/div>\n\t\t\t\t<\/div>\n\t\t<div class=\"elementor-element elementor-element-d9584ee elementor-hidden-tablet elementor-hidden-mobile e-flex e-con-boxed e-con e-parent\" data-id=\"d9584ee\" data-element_type=\"container\" data-e-type=\"container\">\n\t\t\t\t\t<div class=\"e-con-inner\">\n\t\t\t\t<div class=\"elementor-element elementor-element-c9cd03a elementor-widget elementor-widget-spacer\" data-id=\"c9cd03a\" data-element_type=\"widget\" data-e-type=\"widget\" data-widget_type=\"spacer.default\">\n\t\t\t\t<div class=\"elementor-widget-container\">\n\t\t\t\t\t\t\t<div class=\"elementor-spacer\">\n\t\t\t<div class=\"elementor-spacer-inner\"><\/div>\n\t\t<\/div>\n\t\t\t\t\t\t<\/div>\n\t\t\t\t<\/div>\n\t\t\t\t<div class=\"elementor-element elementor-element-716cc57 elementor-widget elementor-widget-text-editor\" data-id=\"716cc57\" data-element_type=\"widget\" data-e-type=\"widget\" data-widget_type=\"text-editor.default\">\n\t\t\t\t<div class=\"elementor-widget-container\">\n\t\t\t\t\t\t\t\t\t<p>A) Incumplir tus obligaciones te puede generar Comisiones e intereses moratorios. B) Contratar cr\u00e9ditos que excedan tu capacidad de pago afecta tu historial crediticio. C) Realizar s\u00f3lo el pago m\u00ednimo aumenta el tiempo de pago y el costo <br \/>de la deuda. D) El avalista, obligado solidario o coacreditado responder\u00e1 como obligado principal por el total del pago frente a la Entidad Financiera<\/p>\t\t\t\t\t\t\t\t<\/div>\n\t\t\t\t<\/div>\n\t\t\t\t\t<\/div>\n\t\t\t\t<\/div>\n\t\t<div class=\"elementor-element elementor-element-2030405 elementor-hidden-mobile elementor-hidden-tablet e-flex e-con-boxed e-con e-parent\" data-id=\"2030405\" data-element_type=\"container\" data-e-type=\"container\" data-settings=\"{&quot;background_background&quot;:&quot;classic&quot;}\">\n\t\t\t\t\t<div class=\"e-con-inner\">\n\t\t\t\t<div class=\"elementor-element elementor-element-09cdaca elementor-widget elementor-widget-text-editor\" data-id=\"09cdaca\" data-element_type=\"widget\" data-e-type=\"widget\" data-widget_type=\"text-editor.default\">\n\t\t\t\t<div class=\"elementor-widget-container\">\n\t\t\t\t\t\t\t\t\t<p><span style=\"font-size: 14px;\">Estimado usuario, a trav\u00e9s de los siguientes medios podr\u00e1n canalizar tus Consultas, Reclamaciones y<br \/>Aclaraciones relacionadas con los servicios financieros que proporciona FISER INTERESTELLAR SAPI de CV, SOFOM ENR.<\/span><\/p><p><span style=\"font-size: 17px;\"><strong>Unidad Especializada de Atenci\u00f3n a Usuarios (UNE)<\/strong><\/span><\/p><p><span style=\"font-size: 14px;\">FISER INTERESTELLAR SAPI de CV, SOFOM ENR<br \/>Titular de la UNE:\u00a0Salvador Alejandro Campos Silva <span style=\"font-size: 14px;\"><br \/>Horario de Atenci\u00f3n: Lunes a Viernes de 09:00 a 18:00 horas<br \/>Medios de Recepci\u00f3n (Correo Electr\u00f3nico UNE): atencion_une@fisinter.mx<br \/>Medios de Comunicaci\u00f3n Electr\u00f3nica: P\u00e1gina Web<\/span><\/span><\/p><p><span style=\"font-size: 14px;\">Cualquier Consulta, Reclamaci\u00f3n y Aclaraci\u00f3n la puedes canalizar por medio del correo de<br \/>UNE: atencion_une@fisinter.mx<\/span><\/p><p><span style=\"font-size: 17px;\"><strong>Comisi\u00f3n Nacional para la Protecci\u00f3n y Defensa de los Usuarios de Servicios Financieros (CONDUSEF)<\/strong><\/span><\/p><p><span style=\"font-size: 14px;\">Tel\u00e9fono: 55 53 400 999<br \/>Correo: asesoria@condusef.gob.mx.<br \/>Direcci\u00f3n: Insurgentes sur 762, Col. Del Valle, C.P. 03100, CDMX<\/span><\/p><p><span style=\"font-size: 14px;\">El plazo de respuesta a las consultas o reclamaciones no ser\u00e1 mayor a 30 d\u00edas h\u00e1biles, en cumplimiento al art\u00edculo 50 Bis de la Ley de Protecci\u00f3n y Defensa al Usuario de Servicios Financieros. En el caso de las aclaraciones el plazo no ser\u00e1 mayor a 45 d\u00edas naturales, en cumplimiento del art\u00edculo 23 de la Ley para la Transparencia y Ordenamiento de los Servicios Financieros.<\/span><\/p>\t\t\t\t\t\t\t\t<\/div>\n\t\t\t\t<\/div>\n\t\t\t\t\t<\/div>\n\t\t\t\t<\/div>\n\t\t<div class=\"elementor-element elementor-element-2c95b22 e-con-full elementor-hidden-desktop e-flex e-con e-parent\" data-id=\"2c95b22\" data-element_type=\"container\" data-e-type=\"container\" data-settings=\"{&quot;background_background&quot;:&quot;classic&quot;}\">\n\t\t\t\t<\/div>\n\t\t<div class=\"elementor-element elementor-element-94cb4d4 e-con-full elementor-hidden-desktop e-flex e-con e-parent\" data-id=\"94cb4d4\" data-element_type=\"container\" data-e-type=\"container\">\n\t\t\t\t<div class=\"elementor-element elementor-element-e1209f7 elementor-widget elementor-widget-spacer\" data-id=\"e1209f7\" data-element_type=\"widget\" data-e-type=\"widget\" data-widget_type=\"spacer.default\">\n\t\t\t\t<div class=\"elementor-widget-container\">\n\t\t\t\t\t\t\t<div class=\"elementor-spacer\">\n\t\t\t<div class=\"elementor-spacer-inner\"><\/div>\n\t\t<\/div>\n\t\t\t\t\t\t<\/div>\n\t\t\t\t<\/div>\n\t\t\t\t<div class=\"elementor-element elementor-element-318950f elementor-widget elementor-widget-menu-anchor\" data-id=\"318950f\" data-element_type=\"widget\" data-e-type=\"widget\" data-widget_type=\"menu-anchor.default\">\n\t\t\t\t<div class=\"elementor-widget-container\">\n\t\t\t\t\t\t\t<div class=\"elementor-menu-anchor\" id=\"credito_movil\"><\/div>\n\t\t\t\t\t\t<\/div>\n\t\t\t\t<\/div>\n\t\t<div class=\"elementor-element elementor-element-08aac6c e-con-full e-flex e-con e-child\" data-id=\"08aac6c\" data-element_type=\"container\" data-e-type=\"container\" data-settings=\"{&quot;background_background&quot;:&quot;classic&quot;}\">\n\t\t\t\t<\/div>\n\t\t\t\t<div class=\"elementor-element elementor-element-ff4a9db elementor-widget elementor-widget-text-editor\" data-id=\"ff4a9db\" data-element_type=\"widget\" data-e-type=\"widget\" data-widget_type=\"text-editor.default\">\n\t\t\t\t<div class=\"elementor-widget-container\">\n\t\t\t\t\t\t\t\t\t<p><label style=\"font-size: 18px;\">CR\u00c9DITO<\/label><br \/><strong>ACTIVIDAD EMPRESARIAL<\/strong><\/p>\t\t\t\t\t\t\t\t<\/div>\n\t\t\t\t<\/div>\n\t\t\t\t<div class=\"elementor-element elementor-element-b7151da elementor-widget elementor-widget-image\" data-id=\"b7151da\" data-element_type=\"widget\" data-e-type=\"widget\" data-widget_type=\"image.default\">\n\t\t\t\t<div class=\"elementor-widget-container\">\n\t\t\t\t\t\t\t\t\t\t\t\t\t\t\t<img fetchpriority=\"high\" decoding=\"async\" width=\"500\" height=\"492\" src=\"https:\/\/fisinter.mx\/wp-content\/uploads\/2025\/12\/img_creditos.png\" class=\"attachment-large size-large wp-image-1839\" alt=\"\" srcset=\"https:\/\/fisinter.mx\/wp-content\/uploads\/2025\/12\/img_creditos.png 500w, https:\/\/fisinter.mx\/wp-content\/uploads\/2025\/12\/img_creditos-300x295.png 300w\" sizes=\"(max-width: 500px) 100vw, 500px\" \/>\t\t\t\t\t\t\t\t\t\t\t\t\t\t\t<\/div>\n\t\t\t\t<\/div>\n\t\t\t\t<div class=\"elementor-element elementor-element-0cdb32b elementor-widget elementor-widget-text-editor\" data-id=\"0cdb32b\" data-element_type=\"widget\" data-e-type=\"widget\" data-widget_type=\"text-editor.default\">\n\t\t\t\t<div class=\"elementor-widget-container\">\n\t\t\t\t\t\t\t\t\t<p>* Plazo de <strong>6 a 12 meses<\/strong><br \/>* De <strong>$100,000<\/strong> hasta <strong>$50,000,000<\/strong><br \/>* Tasa <strong>24%\u00a0<\/strong><br \/>* Costo Anual Total <strong>(CAT) 24%<\/strong><br \/>*<strong> Personalizado<\/strong><\/p>\t\t\t\t\t\t\t\t<\/div>\n\t\t\t\t<\/div>\n\t\t<div class=\"elementor-element elementor-element-8f230da e-con-full e-flex e-con e-child\" data-id=\"8f230da\" data-element_type=\"container\" data-e-type=\"container\">\n\t\t<div class=\"elementor-element elementor-element-d8cb2bc e-con-full e-flex e-con e-child\" data-id=\"d8cb2bc\" data-element_type=\"container\" data-e-type=\"container\" data-settings=\"{&quot;background_background&quot;:&quot;classic&quot;}\">\n\t\t\t\t<div class=\"elementor-element elementor-element-b5e8f5c elementor-widget elementor-widget-heading\" data-id=\"b5e8f5c\" data-element_type=\"widget\" data-e-type=\"widget\" data-widget_type=\"heading.default\">\n\t\t\t\t<div class=\"elementor-widget-container\">\n\t\t\t\t\t<span class=\"elementor-heading-title elementor-size-default\">SIN COMISIONES<\/span>\t\t\t\t<\/div>\n\t\t\t\t<\/div>\n\t\t\t\t<\/div>\n\t\t\t\t<\/div>\n\t\t\t\t<\/div>\n\t\t<div class=\"elementor-element elementor-element-c49f800 e-con-full elementor-hidden-desktop elementor-hidden-mobile e-flex e-con e-parent\" data-id=\"c49f800\" data-element_type=\"container\" data-e-type=\"container\" data-settings=\"{&quot;background_background&quot;:&quot;classic&quot;}\">\n\t\t\t\t<div class=\"elementor-element elementor-element-e2611f7 elementor-widget elementor-widget-text-editor\" data-id=\"e2611f7\" data-element_type=\"widget\" data-e-type=\"widget\" data-widget_type=\"text-editor.default\">\n\t\t\t\t<div class=\"elementor-widget-container\">\n\t\t\t\t\t\t\t\t\t<p><span style=\"font-size: 12px;\">Estimado usuario, a trav\u00e9s de los siguientes medios podr\u00e1n canalizar tus Consultas, Reclamaciones y<br \/>Aclaraciones relacionadas con los servicios financieros que proporciona INTERSTELLAR.<\/span><\/p><p><span style=\"font-size: 14px;\"><strong>Unidad Especializada de Atenci\u00f3n a Usuarios (UNE)<\/strong><\/span><\/p><p><span style=\"font-size: 12px;\">FISER INTERESTELLAR SAPI de CV, SOFOM ENR.<br \/>Titular de la UNE: Salvador Alejandro Campos Silva<br \/>Horario de Atenci\u00f3n: Lunes a Viernes de 09:00 a 18:00 horas<br \/>Medios de Recepci\u00f3n (Correo Electr\u00f3nico UNE): atencion_une@fisinter.mx<br \/>Medios de Comunicaci\u00f3n Electr\u00f3nica: P\u00e1gina Web<\/span><\/p><p><span style=\"font-size: 12px;\">Cualquier Consulta, Reclamaci\u00f3n y Aclaraci\u00f3n la puedes canalizar por medio del correo de<br \/>UNE: atencion_une@fisinter.mx<\/span><\/p><p><span style=\"font-size: 14px;\"><strong>Comisi\u00f3n Nacional para la Protecci\u00f3n y Defensa de los Usuarios de Servicios Financieros (CONDUSEF) <\/strong><\/span><\/p><p><span style=\"font-size: 12px;\">Tel\u00e9fono: 55 53 400 999<br \/>Correo: asesoria@condusef.gob.mx.<br \/>Direcci\u00f3n: Insurgentes sur 762, Col. Del Valle, C.P. 03100, CDMX<\/span><\/p><p><span style=\"font-size: 12px;\">El plazo de respuesta a las consultas o reclamaciones no ser\u00e1 mayor a 30 d\u00edas h\u00e1biles, en cumplimiento al art\u00edculo 50 Bis de la Ley de Protecci\u00f3n y Defensa al Usuario de Servicios Financieros. En el caso de las aclaraciones el plazo no ser\u00e1 mayor a 45 d\u00edas naturales, en cumplimiento del art\u00edculo 23 de la Ley para la Transparencia y Ordenamiento de los Servicios Financieros. <\/span><\/p>\t\t\t\t\t\t\t\t<\/div>\n\t\t\t\t<\/div>\n\t\t\t\t<\/div>\n\t\t<div class=\"elementor-element elementor-element-28306ac e-con-full elementor-hidden-desktop elementor-hidden-tablet e-flex e-con e-parent\" data-id=\"28306ac\" data-element_type=\"container\" data-e-type=\"container\" data-settings=\"{&quot;background_background&quot;:&quot;classic&quot;}\">\n\t\t\t\t<div class=\"elementor-element elementor-element-d1bd6d3 elementor-widget elementor-widget-text-editor\" data-id=\"d1bd6d3\" data-element_type=\"widget\" data-e-type=\"widget\" data-widget_type=\"text-editor.default\">\n\t\t\t\t<div class=\"elementor-widget-container\">\n\t\t\t\t\t\t\t\t\t<p><span style=\"font-size: 12px;\">Estimado usuario, a trav\u00e9s de los siguientes medios podr\u00e1n canalizar tus Consultas, Reclamaciones y Aclaraciones relacionadas con los servicios financieros que proporciona INTERSTELLAR.<\/span><\/p><p><span style=\"font-size: 14px;\"><strong>Unidad Especializada de Atenci\u00f3n a Usuarios (UNE)<\/strong><\/span><\/p><p><span style=\"font-size: 12px;\">FISER INTERESTELLAR SAPI de CV, SOFOM ENR<br \/>Titular de la UNE: Salvador Alejandro Campos Silva<br \/>Horario de Atenci\u00f3n: Lunes a Viernes de 09:00 a 18:00 horas<br \/>Medios de Recepci\u00f3n (Correo Electr\u00f3nico UNE): atencion_une@fisinter.mx<br \/>Medios de Comunicaci\u00f3n Electr\u00f3nica: P\u00e1gina Web<\/span><\/p><p><span style=\"font-size: 12px;\">Cualquier Consulta, Reclamaci\u00f3n y Aclaraci\u00f3n la puedes canalizar por medio del correo de UNE: atencion_une@fisinter.mx<\/span><\/p><p><span style=\"font-size: 14px;\"><strong>Comisi\u00f3n Nacional para la Protecci\u00f3n y Defensa de los Usuarios de SErvicios Financieros (CONDUSEF)<\/strong><\/span><\/p><p><span style=\"font-size: 12px;\">Tel\u00e9fono: 55 53 400 999<br \/>Correo: asesoria@condusef.gob.mx.<br \/>Direcci\u00f3n: Insurgentes sur 762, Col. Del Valle, C.P. 03100, CDMX<\/span><\/p><p><span style=\"font-size: 12px;\">El plazo de respuesta a las consultas o reclamaciones no ser\u00e1 mayor a 30 d\u00edas h\u00e1biles, en cumplimiento al art\u00edculo 50 Bis de la Ley de Protecci\u00f3n y Defensa al Usuario de Servicios Financieros. En el caso de las aclaraciones el plazo no ser\u00e1 mayor a 45 d\u00edas naturales, en cumplimiento del art\u00edculo 23 de la Ley para la Transparencia y Ordenamiento de los Servicios Financieros. <\/span><\/p>\t\t\t\t\t\t\t\t<\/div>\n\t\t\t\t<\/div>\n\t\t\t\t<\/div>\n\t\t\t\t<\/div>\n\t\t","protected":false},"excerpt":{"rendered":"<p>CR\u00c9DITOACTIVIDAD EMPRESARIAL *\u00a0 Plazo de 6 a 12 meses*\u00a0 De $100,000 hasta $50,000,000*\u00a0 Tasa 24%\u00a0*\u00a0 Costo Anual Total (CAT) 24%*\u00a0 Personalizado SIN COMISIONES A) Incumplir tus obligaciones te puede generar Comisiones e intereses moratorios. B) Contratar cr\u00e9ditos que excedan tu capacidad de pago afecta tu historial crediticio. C) Realizar s\u00f3lo el pago m\u00ednimo aumenta el [&hellip;]<\/p>\n","protected":false},"author":1,"featured_media":0,"parent":0,"menu_order":0,"comment_status":"closed","ping_status":"closed","template":"","meta":{"footnotes":""},"class_list":["post-115","page","type-page","status-publish","hentry"],"_links":{"self":[{"href":"https:\/\/fisinter.mx\/index.php\/wp-json\/wp\/v2\/pages\/115","targetHints":{"allow":["GET"]}}],"collection":[{"href":"https:\/\/fisinter.mx\/index.php\/wp-json\/wp\/v2\/pages"}],"about":[{"href":"https:\/\/fisinter.mx\/index.php\/wp-json\/wp\/v2\/types\/page"}],"author":[{"embeddable":true,"href":"https:\/\/fisinter.mx\/index.php\/wp-json\/wp\/v2\/users\/1"}],"replies":[{"embeddable":true,"href":"https:\/\/fisinter.mx\/index.php\/wp-json\/wp\/v2\/comments?post=115"}],"version-history":[{"count":515,"href":"https:\/\/fisinter.mx\/index.php\/wp-json\/wp\/v2\/pages\/115\/revisions"}],"predecessor-version":[{"id":1895,"href":"https:\/\/fisinter.mx\/index.php\/wp-json\/wp\/v2\/pages\/115\/revisions\/1895"}],"wp:attachment":[{"href":"https:\/\/fisinter.mx\/index.php\/wp-json\/wp\/v2\/media?parent=115"}],"curies":[{"name":"wp","href":"https:\/\/api.w.org\/{rel}","templated":true}]}}